{"id":146836,"date":"2018-05-16T12:08:38","date_gmt":"2018-05-16T10:08:38","guid":{"rendered":"http:\/\/www.ramin-emden.de\/kuhstall\/petkum\/?page_id=146836"},"modified":"2025-02-07T19:47:21","modified_gmt":"2025-02-07T18:47:21","slug":"datenschutzerklaerung","status":"publish","type":"page","link":"https:\/\/www.cafe-kuhstall.de\/reisen\/?page_id=146836","title":{"rendered":"Datenschutzerkl\u00e4rung"},"content":{"rendered":"<h3>I. Allgemeine Informationen<\/h3>\n<p>Diese Datenschutzerkl\u00e4rung gilt f\u00fcr die Nutzung der Webseite Cafe-Kuhstall.de und auf alle Seiten zu Caf\u00e9 Kuhstall UG, die auf unseren Server liegen.<br \/>\nDie Datenschutzerkl\u00e4rung gilt auch f\u00fcr Anwendungen, die von uns zur Nutzung auf oder \u00fcber Computer und mobile Endger\u00e4te zur Verf\u00fcgung gestellt werden (\u201eApps\u201c).<\/p>\n<h3>II. Art der personenbezogener Daten<\/h3>\n<p>Die Nutzung der Website ist grunds\u00e4tzlich ohne Angabe personenbezogener Daten m\u00f6glich.<\/p>\n<p>Beim Aufruf der einzelnen Websites werden lediglich Zugriffsdaten (z.B. Browser-Typ und Zugriffszeit) an unseren Server \u00fcbermittelt. Diese Zugriffsdaten enthalten keinerlei Daten mit Personenbezug und lassen auch in sonstiger Weise keine R\u00fcckschl\u00fcsse auf eine identifizierbare Person zu. Insbesondere werden durch die Zugriffsdaten keine Nutzungsprofile erstellt. Sie dienen lediglich der statistischen Auswertung und Optimierung der Nutzung unserer Website.<\/p>\n<p>Nutzen Sie unsere Webseite zur Reservierung oder anderen Leistungen, wie zum Beispiel die Bestellung unseres Newsletters oder von Gutscheinen, k\u00f6nnen Sie aufgefordert werden, Daten zu Ihrer Person anzugeben. Es werden zur Erbringung dieser Leistungen und unseres Services personenbezogene Daten erfasst, wie zum Beispiel Namen, Anschrift, Telefonnummer, E-Mail-Adresse, Reservierungsdaten (wie Anreise- und Abreisdatum, Aufenthaltsort, W\u00fcnsche zu Ihren Servicepr\u00e4ferenzen) oder andere Daten, die Sie freiwillig angeben, wie zum Beispiel, wie Sie von uns erfahren haben.<\/p>\n<h3>III. Nutzung personenbezogener Daten<\/h3>\n<p>Ihre Daten werden aufgenommen, damit unserer Hotels einen Service bieten k\u00f6nnen, der Ihren Anspr\u00fcchen und W\u00fcnschen als Gast und Besucher gerecht wird. Mit der Erhebung Ihrer pers\u00f6nlichen Daten werden im Wesentlichen folgende Zwecke verfolgt:<\/p>\n<ul>\n<li>Erbringung der Dienstleistungen, wie die Bearbeitung und Abwicklung Ihrer Reservierungen, Bestellungen und Anfragen zu Dienstleistungen und Produkten<\/li>\n<li>Zur Verf\u00fcgung stellen von administrativen Informationen, wie Mitteilungen \u00fcber Dienstleistungen, Produkte und Veranstaltungen, an welchen Sie teilnehmen<\/li>\n<li>Mitteilungen per Post oder E-Mail zu Promotions und Angeboten von Caf\u00e9 Kuhstall<\/li>\n<li>Verbesserung des Kundenservices und die Personalisierung der Produkte und Dienstleistungen der Hotels f\u00fcr Sie und andere Kunden<\/li>\n<li>F\u00fcr die Verbesserung von Produkten und Dienstleistungen, Marktforschung, Betrugsverhinderung \u2013 und \u00fcberwachung<\/li>\n<\/ul>\n<p>Nach vollst\u00e4ndiger Vertragsabwicklung bzw. sofern die hinterlegten Daten f\u00fcr die obengenannten Zwecke nicht mehr erforderlich sind, werden die erhobenen bzw. von Ihnen angegebenen personenbezogenen Daten f\u00fcr eine weitere Verwendung gesperrt bzw. gel\u00f6scht. Unber\u00fchrt hiervon bleiben abgaben- bzw. handelsrechtliche Vorschriften, die ggf. l\u00e4ngere Aufbewahrungsfristen vorschreiben sowie eine Nutzung Ihrer Daten, zu welcher Sie explizit Ihre Einwilligung erteilten (zum Beispiel zum Newsletter-Versand).<\/p>\n<h3>IV. Kontakt- und Anfragenformular<\/h3>\n<p>Wenn Sie f\u00fcr die Kontaktaufnahme mit Caf\u00e9 Kuhstall das Kontakt- bzw. Anfragenformular (z.B. Prospektanfrage\/ Vermieterservice) auf unseren Websites nutzen, werden personenbezogene Daten nur in dem von Ihnen zu diesem Zweck erbrachten Umfang erhoben. Ihre Daten (wie Name, E-Mail-Adresse, Anschrift) nutzen wir lediglich zur Bearbeitung Ihrer Anfrage\/n. Eine Erhebung, Speicherung und weitere Verarbeitung der Daten durch Caf\u00e9 Kuhstall \u00fcber die Abwicklung Ihrer Anfragen hinaus erfolgt nicht. Eine Weitergabe an Dritte findet ohne Ihre Zustimmung nicht statt.<\/p>\n<h3>V. Newsletter<\/h3>\n<p>Sie haben die M\u00f6glichkeit sich auf unseren Websites zum Caf\u00e9 Kuhstall-Newsletter anzumelden. F\u00fcr den Empfang des Newsletters ist die Angabe personenbezogener Daten (Name und valide E-Mailadresse) erforderlich. Ohne Ihre ausdr\u00fcckliche Einwilligung erfolgt kein Versand des Newsletters. Hierf\u00fcr erhalten Sie nach der Anmeldung eine Best\u00e4tigung per E-Mail mit einem Link der f\u00fcr die abschlie\u00dfende Registrierung zu unserem Newsletter aufgerufen werden muss. Erst im Anschluss daran erhalten Sie den Newsletter.<\/p>\n<p>Die Abmeldung vom Newsletter ist jederzeit per E-Mail oder mit einem Link zum Abmelden im Newsletter selbst m\u00f6glich.<\/p>\n<h3>VI. Bestellung von Gutscheinen<\/h3>\n<p>Sie haben auf unseren Websites die M\u00f6glichkeit Caf\u00e9 Kuhstall Gutscheine zu erwerben. Um einen Kauf zu t\u00e4tigen und f\u00fcr den Gutscheinversand, ist die Angabe personenbezogener Daten (insbesondere Namen, Versandanschrift) erforderlich. Die f\u00fcr die Lieferung erforderlich personenbezogenen Daten werden an das mit der Zustellung beauftragte Transportunternehmen weitergegeben. Eine dar\u00fcber hinausgehende Weitergabe erfolgt nicht.<\/p>\n<h3>VII. Weitergabe personenbezogener Daten<\/h3>\n<p>Die Weitergabe personenbezogener Daten erfolgt ohne ausdr\u00fcckliche separate Einwilligung nur insoweit, wie es f\u00fcr die Vertragsabwicklung erforderlich ist. Eine dar\u00fcber hinausgehende Weitergabe personenbezogener Daten an Dritte erfolgt nicht, es sei denn, Sie haben separat in eine Weitergabe personenbezogener Daten ausdr\u00fccklich eingewilligt oder wir haben begr\u00fcndete Anhaltspunkte, die uns hierzu aufgrund gerichtlicher Entscheidung oder von Gesetzes wegen verpflichten.<\/p>\n<h3>VIII. Auskunft, \u00c4nderung und Widerruf<\/h3>\n<p>Sie erhalten jederzeit kostenlos Auskunft der bei uns \u00fcber Sie gespeicherten personenbezogenen Daten.\u00a0 Ggf. steht Ihnen gem\u00e4\u00df Bundesdatenschutzgesetz ein Recht auf Berichtigung, Sperrung oder L\u00f6schung Ihrer personenbezogenen Daten zu.<\/p>\n<p>Wenn Sie zum Beispiel keine Werbematerialien von uns erhalten m\u00f6chten oder der Verwendung und \u00dcbermittlung Ihrer gespeicherten personenbezogenen Daten f\u00fcr die Zukunft widersprechen wollen, dann richten Sie Ihre Datenschutzw\u00fcnsche schriftlich, per Fax oder E-Mail an:<\/p>\n<p>Caf\u00e9 Kuhstall UG<br \/>\nF\u00e4hrstra\u00dfe 35<br \/>\n26725 Emden<br \/>\nE-Mail: info@cafe-kuhstall.de<\/p>\n<p>Die Adresse unserer Website ist: https:\/\/www.cafe-kuhstal.de<\/p>\n<p>Wenn Besucher Kommentare auf der Website schreiben, sammeln wir die Daten, die im Kommentar-Formular angezeigt werden, au\u00dferdem die IP-Adresse des Besuchers und den User-Agent-String (damit wird der Browser identifiziert), um die Erkennung von Spam zu unterst\u00fctzen.<\/p>\n<p>Aus deiner E-Mail-Adresse kann eine anonymisierte Zeichenfolge erstellt (auch Hash genannt) und dem Gravatar-Dienst \u00fcbergeben werden, um zu pr\u00fcfen, ob du diesen benutzt. Die Datenschutzerkl\u00e4rung des Gravatar-Dienstes findest du hier: https:\/\/automattic.com\/privacy\/. Nachdem dein Kommentar freigegeben wurde, ist dein Profilbild \u00f6ffentlich im Kontext deines Kommentars sichtbar.<\/p>\n<p>Wenn du ein registrierter Benutzer bist und Fotos auf diese Website l\u00e4dst, solltest du vermeiden, Fotos mit einem EXIF-GPS-Standort hochzuladen. Besucher dieser Website k\u00f6nnten Fotos, die auf dieser Website gespeichert sind, herunterladen und deren Standort-Informationen extrahieren.<\/p>\n<p>Beitr\u00e4ge auf dieser Website k\u00f6nnen eingebettete Inhalte beinhalten (z. B. Videos, Bilder, Beitr\u00e4ge etc.). Eingebettete Inhalte von anderen Websites verhalten sich exakt so, als ob der Besucher die andere Website besucht h\u00e4tte.<\/p>\n<p>Diese Websites k\u00f6nnen Daten \u00fcber dich sammeln, Cookies benutzen, zus\u00e4tzliche Tracking-Dienste von Dritten einbetten und deine Interaktion mit diesem eingebetteten Inhalt aufzeichnen, inklusive deiner Interaktion mit dem eingebetteten Inhalt, falls du ein Konto hast und auf dieser Website angemeldet bist.<\/p>\n<p>Wenn du einen Kommentar schreibst, wird dieser inklusive Metadaten zeitlich unbegrenzt gespeichert. Auf diese Art k\u00f6nnen wir Folgekommentare automatisch erkennen und freigeben, anstelle sie in einer Moderations-Warteschlange festzuhalten.<\/p>\n<p>F\u00fcr Benutzer, die sich auf unserer Website registrieren, speichern wir zus\u00e4tzlich die pers\u00f6nlichen Informationen, die sie in ihren Benutzerprofilen angeben. Alle Benutzer k\u00f6nnen jederzeit ihre pers\u00f6nlichen Informationen einsehen, ver\u00e4ndern oder l\u00f6schen (der Benutzername kann nicht ver\u00e4ndert werden). Administratoren der Website k\u00f6nnen diese Informationen ebenfalls einsehen und ver\u00e4ndern.<\/p>\n<p>Wenn du ein Konto auf dieser Website besitzt oder Kommentare geschrieben hast, kannst du einen Export deiner personenbezogenen Daten bei uns anfordern, inklusive aller Daten, die du uns mitgeteilt hast. Dar\u00fcber hinaus kannst du die L\u00f6schung aller personenbezogenen Daten, die wir von dir gespeichert haben, anfordern. Dies umfasst nicht die Daten, die wir aufgrund administrativer, rechtlicher oder sicherheitsrelevanter Notwendigkeiten aufbewahren m\u00fcssen.<\/p>\n<p>Besucher-Kommentare k\u00f6nnten von einem automatisierten Dienst zur Spam-Erkennung untersucht werden.<\/p>\n<h3>IX. Cookies<\/h3>\n<p>Um den Besuch des Internetauftritts sicher, effektiv und attraktiv zu gestalten, werden auf diesen Seiten sogenannte \u201eCookies\u201c verwendet. Dabei handelt es sich um kleine Textdateien mit einer Zahlenfolge, welche auf Ihrem Rechner abgelegt werden bzw. welche Ihr Browser speichert. Cookies werden nicht Bestandteil Ihres PC-Systems. Die meisten Browser sind so voreingestellt, dass sie Cookies automatisch akzeptieren. Nach dem Ende der Browser-Sitzung werden die meisten der verwendeten Cookies wieder von Ihrer Festplatte gel\u00f6scht (\u201eSession-Cookies\u201c bzw. \u201eSitzungs-Cookies\u201c). Die sogenannten \u201edauerhaften Cookies\u201c verbleiben dagegen auf Ihrem Rechner und erm\u00f6glichen so, Sie bei Ihrem n\u00e4chsten Besuch wiederzuerkennen.<br \/>\nSie haben die M\u00f6glichkeit, das Abspeichern von Cookies auf Ihrem Rechner durch entsprechende Browsereinstellungen zu verhindern, wodurch allerdings der Funktionsumfang dieses Angebotes eingeschr\u00e4nkt werden kann.<\/p>\n<p>Wenn du einen Kommentar auf unserer Website schreibst, kann das eine Einwilligung sein, deinen Namen, E-Mail-Adresse und Website in Cookies zu speichern. Dies ist eine Komfortfunktion, damit du nicht, wenn du einen weiteren Kommentar schreibst, all diese Daten erneut eingeben musst. Diese Cookies werden ein Jahr lang gespeichert.<\/p>\n<p>Falls du ein Konto hast und dich auf dieser Website anmeldest, werden wir ein tempor\u00e4res Cookie setzen, um festzustellen, ob dein Browser Cookies akzeptiert. Dieses Cookie enth\u00e4lt keine personenbezogenen Daten und wird verworfen, wenn du deinen Browser schlie\u00dft.<\/p>\n<p>Wenn du dich anmeldest, werden wir einige Cookies einrichten, um deine Anmeldeinformationen und Anzeigeoptionen zu speichern. Anmelde-Cookies verfallen nach zwei Tagen und Cookies f\u00fcr die Anzeigeoptionen nach einem Jahr. Falls du bei der Anmeldung \u201eAngemeldet bleiben\u201c ausw\u00e4hlst, wird deine Anmeldung zwei Wochen lang aufrechterhalten. Mit der Abmeldung aus deinem Konto werden die Anmelde-Cookies gel\u00f6scht.<\/p>\n<p>Wenn du einen Artikel bearbeitest oder ver\u00f6ffentlichst, wird ein zus\u00e4tzlicher Cookie in deinem Browser gespeichert. Dieser Cookie enth\u00e4lt keine personenbezogenen Daten und verweist nur auf die Beitrags-ID des Artikels, den du gerade bearbeitet hast. Der Cookie verf\u00e4llt nach einem Tag.<\/p>\n<p><strong>Webanalyse-Tools<\/strong><br \/>\nDer von uns eingesetzte Webanalyse-Dienst Google Analytics ist ein Webanalysedienst der Google Inc., 1600 Amphitheatre Parkway, Mountain View, CA 94043, USA (\u201eGoogle\u201c) und erm\u00f6glicht uns durch die Verwendung von Cookies unserer Webseite f\u00fcr Sie zu optimieren und besucherfreundlich zu gestalten.<\/p>\n<p><strong>Google Analytics<\/strong><br \/>\nDie von Google Analytics verwendeten Cookies erzeugen Informationen \u00fcber Ihre Benutzung dieser Website und\u00a0 werden an einen Server von Google in den USA \u00fcbertragen und dort gespeichert. Google wird diese Informationen benutzen, um Ihre Nutzung der Website auszuwerten, um Reports \u00fcber die Websiteaktivit\u00e4ten f\u00fcr die Websitebetreiber zusammenzustellen und um weitere mit der Websitenutzung und der Internetnutzung verbundene Dienstleistungen zu erbringen. Auch wird Google diese Informationen gegebenenfalls an Dritte \u00fcbertragen, sofern dies gesetzlich vorgeschrieben ist oder soweit Dritte diese Daten im Auftrag von Google verarbeiten. Google wird in keinem Fall Ihre IP-Adresse mit anderen Daten von Google in Verbindung bringen. Sie k\u00f6nnen die Installation der Cookies durch eine entsprechende Einstellung Ihrer Browser Software verhindern; wir weisen Sie jedoch darauf hin, dass Sie in diesem Fall gegebenenfalls nicht s\u00e4mtliche Funktionen dieser Website vollumf\u00e4nglich nutzen k\u00f6nnen. Durch die Nutzung dieser Website erkl\u00e4ren Sie sich mit der Bearbeitung der \u00fcber Sie erhobenen Daten durch Google in der zuvor beschriebenen Art und Weise und zu dem zuvor benannten Zweck einverstanden.<\/p>\n<p>Wenn Sie nicht m\u00f6chten, dass Google beim Aufruf der Seiten Daten von Ihrem Browser erh\u00e4lt, finden Sie unter http:\/\/tools.google.com\/dlpage\/gaoptout?hl=de eine Opt-Out-L\u00f6sung f\u00fcr Google Analytics. Dieses Plugin verhindert, dass der Browser den Analytics-Code anfordert, so dass Google keinerlei Daten beim Aufruf der Seite erh\u00e4lt. Das Plugin ist f\u00fcr verschiedene Browser-Typen erh\u00e4ltlich. Gem\u00e4\u00df Google blockt der Browser das Google Analytics-Skript nach der Installation.<\/p>\n<p>Diese Website verwendet allerdings Google Analytics stets mit der Erweiterung &#8222;_anonymizeIp()&#8220;, so dass IP-Adressen nur gek\u00fcrzt weiterverarbeitet werden, um eine direkte Personenbeziehbarkeit ausschlie\u00dfen zu k\u00f6nnen. Insoweit ist sichergestellt, dass von Ihnen im Rahmen des Seitenaufrufs keine detaillierten IP-Adressdaten \u00fcbertragen werden.<\/p>\n<p><strong>Remarketing-Funktion der Google Inc.<\/strong><br \/>\nAuf dieser Webseite verwenden wir auch die Remarketing- Funktion von Google Inc., 1600 Amphitheatre Parkway, Mountain View, CA 94043, USA (\u201eGoogle\u201c). Diese Funktion erm\u00f6glicht es, die Besucher der Webseite mit personalisierten, interessenbezogenen Werbung-Anzeigen zielgerichtet anzusprechen. Die interessenbezogene Werbung wird dem Besucher angezeigt, sobald er andere Webseiten im Google Display-Netzwerk besucht. Um eine Analyse der Webseitennutzung durchf\u00fchren, setzt Google Cookies ein, die die Grundlage f\u00fcr die Erstellung der interessenbezogenen Werbeanzeigen bilden. \u00dcber den Cookie werden die Webseitenbesuche sowie anonymisierte Daten \u00fcber die Nutzung der Webseite erfasst. Eine Speicherung von personenbezogenen Daten erfolgt hingegen nicht. Bei nachfolgendem Aufrufen von anderen Webseiten im Google Display-Netzwerk werden dann Werbeeinblendungen angezeigt, die mit hoher Wahrscheinlichkeit die zuvor vom Seitenbesucher aufgerufenen Produkt- und Informationsbereiche ber\u00fccksichtigen.<\/p>\n<p><strong>Verwendung von Google Adwords Conversion-Tracking<\/strong><br \/>\nWir nutzen das Online-Werbeprogramm \u201eGoogle AdWords\u201c der Google Inc., 1600 Amphitheatre Parkway, Mountain View, CA 94043, USA (\u201eGoogle\u201c) und im Rahmen dessen den Analysedienst Conversion-Tracking. Wenn Sie auf eine von Google geschaltete Anzeige klicken, wird ein Cookie f\u00fcr das Conversion-Tracking auf Ihrem Rechner abgelegt. Die im Rahmen des Conversion Trackings eingesetzten Cookies verlieren nach 30 Tagen ihre G\u00fcltigkeit, enthalten keine personenbezogenen Daten und dienen nicht der pers\u00f6nlichen Identifizierung.\u00a0 Wird unsere Webseite vor Ablauf der Frist aufrufen, k\u00f6nnen Google und wir \u00fcber das Cookie nachvollziehen, wie die Weiterleitung zu unserer Seite erfolgte (insb. \u00fcber den Aufruf einer Anzeige). Jeder Google AdWords-Kunde erh\u00e4lt ein anderes Cookie. Somit besteht keine M\u00f6glichkeit, dass Cookies \u00fcber die Webseiten von AdWords-Kunden nachverfolgt werden k\u00f6nnen. Mittels der Informationen, die das Conversion-Cookie einholt, werden Conversion-Statistiken f\u00fcr AdWords-Kunden erstellt, die sich f\u00fcr das Conversion-Tracking entschieden haben. Hierbei erfahren die Kunden insb. die Gesamtanzahl der Nutzer, die auf ihre Anzeige geklickt haben und zu einer mit einem Conversion-Tracking-Tag versehenen Seite weitergeleitet wurden. Sie erhalten jedoch keine Informationen, mit denen sich Nutzer pers\u00f6nlich identifizieren lassen.<\/p>\n<p><strong>Deaktivieren der Google Cookies<\/strong><br \/>\nSie k\u00f6nnen die Verwendung von Cookies durch Google dauerhaft deaktivieren, indem Sie dem nachfolgenden Link und die Einstellungen zur Verwaltung von Cookies entsprechend ab\u00e4ndern:<br \/>\nhttp:\/\/www.google.com\/policies\/technologies\/managing\/<br \/>\nhttp:\/\/www.google.com\/policies\/technologies\/ads\/.<br \/>\n\u00c4nderungen an den Anzeigeneinstellungen k\u00f6nnen Sie vornehmen unter https:\/\/www.google.de\/settings\/ads.<\/p>\n<p>Alternativ k\u00f6nnen Sie die Verwendung von Cookies durch Drittanbieter deaktivieren, indem sie die Deaktivierungsseite der Netzwerkwerbeinitiative (Network Advertising Initiative) unter http:\/\/www.networkadvertising.org\/choices\/ aufrufen und die dort genannten weiterf\u00fchrenden Information zum Opt-Out umsetzen.<\/p>\n<p>Sie k\u00f6nnen auch Cookies f\u00fcr Conversion-Tracking deaktivieren, indem\u00a0 Sie Ihre Browsereinstellungen dahingehend modifizieren, dass Cookies der Domain \u201egoogleadservices.com\u201c blockiert werden.<br \/>\nWeiterf\u00fchrende Informationen zu Google Remarketing sowie die Datenschutzerkl\u00e4rung von Google k\u00f6nnen Sie einsehen unter: http:\/\/www.google.com\/privacy\/ads\/.<\/p>\n<p><strong>Nutzung von Facebook Remarketing<\/strong><br \/>\nAuf unseren Seiten sind Remarketing-Tags des sozialen Netzwerks Facebook, 1601 South California Avenue, Palo Alto, CA 94304, USA integriert. Wenn Sie unsere Seiten besuchen, wird \u00fcber die Remarketing-Tags eine direkte Verbindung zwischen Ihrem Browser und dem Facebook-Server hergestellt. Facebook erh\u00e4lt dadurch die Information, dass Sie mit Ihrer IP-Adresse unsere Seite besucht haben. Dadurch kann Facebook den Besuch unserer Seiten Ihrem Benutzerkonto zuordnen. Die so erhaltenen Informationen k\u00f6nnen wir f\u00fcr die Anzeige von Facebook Ads nutzen. Wir weisen darauf hin, dass wir als Anbieter der Seiten keine Kenntnis vom Inhalt der \u00fcbermittelten Daten sowie deren Nutzung durch Facebook erhalten. Weitere Informationen hierzu finden Sie in der Datenschutzerkl\u00e4rung von Facebook unter https:\/\/www.facebook.com\/about\/privacy\/ . Falls Sie keine Datenerfassung via Custom Audience w\u00fcnschen, k\u00f6nnen Sie Custom Audiences\u00a0<a href=\"https:\/\/www.facebook.com\/ads\/website_custom_audiences\/\">hier<\/a> deaktivieren.<\/p>\n<p><strong>X. Video\u00fcberwachung bei der Gesellschaft Caf\u00e9 Kuhstall UG,<\/strong><br \/>\n<strong>\u00a0\u00a0\u00a0\u00a0 F\u00e4hrstr. 35, 26725 Emden als berechtigtes Interesse \u2013 Art. 6 Abs. 1 lit. f) DSGVO<\/strong><\/p>\n<p>Aufgrund der Diebst\u00e4hle, versuchter Diebstahl, Bedrohung und Sachbesch\u00e4digung in den<br \/>\nJahren 2020\/2021 besteht ein berechtigtes Interesse bei den aufgef\u00fchrten Kameras:<\/p>\n<p><u>Kameraposition:<\/u><br \/>\n1) Nebenzugang (Vorderhaus): Caf\u00e9 Kuhstall UG, Tor- und T\u00fcrbereich.<br \/>\n2) Hauptzugang: Caf\u00e9 Kuhstall UG, Tor- und T\u00fcrbereich.<br \/>\n3) Terrasse Caf\u00e9 Kuhstall UG, Parkplatz und Zaun.<\/p>\n<p><u>Zweck und Rechtsgrundlage:<\/u><br \/>\nDiebstahl- und Vandalismusvorbeugung<br \/>\nRechtsgrundlage: Art. 6 Abs. 1 lit. f EU-DSGVO, \u00a7 4 BDSG<\/p>\n<p><u>Berechtigte Interessen, die verfolgt werden<\/u>:<br \/>\nSchutz vor Diebstahl, Einbruch und<br \/>\nSachbesch\u00e4digung.<\/p>\n<p><u>Speicherdauer der Daten:<\/u><br \/>\nDrei Tage oder bis die Daten zur Erreichung des genannten Zwecks<br \/>\nnicht mehr erforderlich sind.<\/p>\n<p><u>Sicherheit der Verarbeitung:<\/u><br \/>\nVon unseren Datenschutzbeauftragten Daniel Ramin wird die Sicherheit<br \/>\nregelm\u00e4\u00dfig \u00fcberpr\u00fcft. Nur bei Berechtigte Interessen werden<br \/>\ndie Daten von der Kamera verarbeitet.<\/p>\n","protected":false},"excerpt":{"rendered":"<p>I. Allgemeine Informationen Diese Datenschutzerkl\u00e4rung gilt f\u00fcr die Nutzung der Webseite Cafe-Kuhstall.de und auf alle Seiten zu Caf\u00e9 Kuhstall UG, die auf unseren Server liegen. Die Datenschutzerkl\u00e4rung gilt auch f\u00fcr Anwendungen, die von uns zur Nutzung auf oder \u00fcber Computer und mobile Endger\u00e4te zur Verf\u00fcgung gestellt werden (\u201eApps\u201c). II. Art der personenbezogener Daten Die Nutzung der Website ist grunds\u00e4tzlich ohne Angabe personenbezogener Daten m\u00f6glich. Beim Aufruf der einzelnen Websites werden lediglich Zugriffsdaten (z.B. Browser-Typ und Zugriffszeit) an unseren Server \u00fcbermittelt. Diese Zugriffsdaten enthalten keinerlei Daten mit Personenbezug und lassen auch in sonstiger Weise keine R\u00fcckschl\u00fcsse auf eine identifizierbare Person zu&#8230;. <\/p>\n","protected":false},"author":1,"featured_media":278763,"parent":0,"menu_order":0,"comment_status":"closed","ping_status":"closed","template":"full-width.php","meta":{"footnotes":""},"class_list":["post-146836","page","type-page","status-publish","has-post-thumbnail","hentry"],"_links":{"self":[{"href":"https:\/\/www.cafe-kuhstall.de\/reisen\/index.php?rest_route=\/wp\/v2\/pages\/146836"}],"collection":[{"href":"https:\/\/www.cafe-kuhstall.de\/reisen\/index.php?rest_route=\/wp\/v2\/pages"}],"about":[{"href":"https:\/\/www.cafe-kuhstall.de\/reisen\/index.php?rest_route=\/wp\/v2\/types\/page"}],"author":[{"embeddable":true,"href":"https:\/\/www.cafe-kuhstall.de\/reisen\/index.php?rest_route=\/wp\/v2\/users\/1"}],"replies":[{"embeddable":true,"href":"https:\/\/www.cafe-kuhstall.de\/reisen\/index.php?rest_route=%2Fwp%2Fv2%2Fcomments&post=146836"}],"version-history":[{"count":14,"href":"https:\/\/www.cafe-kuhstall.de\/reisen\/index.php?rest_route=\/wp\/v2\/pages\/146836\/revisions"}],"predecessor-version":[{"id":278319,"href":"https:\/\/www.cafe-kuhstall.de\/reisen\/index.php?rest_route=\/wp\/v2\/pages\/146836\/revisions\/278319"}],"wp:featuredmedia":[{"embeddable":true,"href":"https:\/\/www.cafe-kuhstall.de\/reisen\/index.php?rest_route=\/wp\/v2\/media\/278763"}],"wp:attachment":[{"href":"https:\/\/www.cafe-kuhstall.de\/reisen\/index.php?rest_route=%2Fwp%2Fv2%2Fmedia&parent=146836"}],"curies":[{"name":"wp","href":"https:\/\/api.w.org\/{rel}","templated":true}]}}